{"id":1289,"date":"2015-01-14T08:06:11","date_gmt":"2015-01-14T08:06:11","guid":{"rendered":"http:\/\/osmbklj.web.ba\/?page_id=2"},"modified":"2015-01-14T08:06:11","modified_gmt":"2015-01-14T08:06:11","slug":"sample-page-2","status":"publish","type":"page","link":"https:\/\/osmbklj.edu.ba\/?page_id=1289","title":{"rendered":"O nama"},"content":{"rendered":"<p align=\"justify\">U maju 2015. godine obilje\u017eili smo 50. godi\u0161njicu postojanja na\u0161e \u0161kole. To zna\u010di da je<span lang=\"HR\"> \u0161kolska zgrada dovr\u0161ena u zimu 1965. godine. 06. februara iste godine redovna nastava u drugom polugodi\u0161tu je po\u010dela u \u0161kolskoj zgradi. Dogra\u0111ena je 1973. godine i ispunjava sve zahtjeve \u0161kole predvi\u0111ene Pedago\u0161kim standardima i op\u0107im normativima za osnovni odgoj i obrazovanje i normative radnog prostora, opreme, nastavnih sredstava i u\u010dila po predmetima za osnovnu \u0161kolu. \u0160kola raspola\u017ee sa relativno dosta nastavnih sredstava i pomagala. Posebno izdvajamo opremljenost velikog broja u\u010dionica ra\u010dunarima i video projektorima i moderno opremljen kabinet informatike. Postoje\u0107a kotlovnica zadovoljava potrebe grijanja, po potrebi mo\u017ee da radi na plin ili na naftu. U \u0161koli\u00a0 funkcioni\u0161e biblioteka sa \u010ditaonicom. Opremljena je velikim brojem knjiga \u0161kolske lektire i stru\u010dne literature, a dosta se radi i na nabavci novih knjiga i stru\u010dne literature.<\/span><\/p>\n<p align=\"justify\"><a href=\"http:\/\/osmbklj.edu.ba\/wp-content\/uploads\/2015\/01\/DSC00688.jpg\"><img loading=\"lazy\" decoding=\"async\" class=\" wp-image-141 aligncenter\" src=\"http:\/\/osmbklj.edu.ba\/wp-content\/uploads\/2015\/01\/DSC00688-150x150.jpg\" alt=\"DSC00688\" width=\"245\" height=\"245\" \/><\/a><\/p>\n<h4><\/h4>\n","protected":false},"excerpt":{"rendered":"<p>U maju 2015. godine obilje\u017eili smo 50. godi\u0161njicu postojanja na\u0161e \u0161kole. To zna\u010di da je \u0161kolska zgrada dovr\u0161ena u zimu 1965. godine. 06. februara iste godine redovna nastava u drugom polugodi\u0161tu je po\u010dela u \u0161kolskoj zgradi. Dogra\u0111ena je 1973. godine i ispunjava sve zahtjeve \u0161kole predvi\u0111ene Pedago\u0161kim standardima i op\u0107im normativima za osnovni odgoj i<\/p>\n","protected":false},"author":1,"featured_media":0,"parent":0,"menu_order":0,"comment_status":"closed","ping_status":"closed","template":"","meta":{"footnotes":""},"class_list":["post-1289","page","type-page","status-publish","hentry"],"_links":{"self":[{"href":"https:\/\/osmbklj.edu.ba\/index.php?rest_route=\/wp\/v2\/pages\/1289","targetHints":{"allow":["GET"]}}],"collection":[{"href":"https:\/\/osmbklj.edu.ba\/index.php?rest_route=\/wp\/v2\/pages"}],"about":[{"href":"https:\/\/osmbklj.edu.ba\/index.php?rest_route=\/wp\/v2\/types\/page"}],"author":[{"embeddable":true,"href":"https:\/\/osmbklj.edu.ba\/index.php?rest_route=\/wp\/v2\/users\/1"}],"replies":[{"embeddable":true,"href":"https:\/\/osmbklj.edu.ba\/index.php?rest_route=%2Fwp%2Fv2%2Fcomments&post=1289"}],"version-history":[{"count":0,"href":"https:\/\/osmbklj.edu.ba\/index.php?rest_route=\/wp\/v2\/pages\/1289\/revisions"}],"wp:attachment":[{"href":"https:\/\/osmbklj.edu.ba\/index.php?rest_route=%2Fwp%2Fv2%2Fmedia&parent=1289"}],"curies":[{"name":"wp","href":"https:\/\/api.w.org\/{rel}","templated":true}]}}