{"id":15,"date":"2015-01-18T20:02:04","date_gmt":"2015-01-18T20:02:04","guid":{"rendered":"http:\/\/osmbklj.web.ba\/?page_id=15"},"modified":"2015-01-18T20:02:04","modified_gmt":"2015-01-18T20:02:04","slug":"o-nasem-begu","status":"publish","type":"page","link":"https:\/\/osmbklj.edu.ba\/?page_id=15","title":{"rendered":"O na\u0161em begu"},"content":{"rendered":"<p style=\"text-align: justify;\">Mehmed-beg Kapetanovi\u0107 Ljubu\u0161ak je sakuplja\u010d usmenih tvorevina naroda Bosne i Hercegovine i prevodilac brojnih djela orijentalne knji\u017eevnosti. Ro\u0111en je 1839. godine u Vitini kod Ljubu\u0161kog. Pored knji\u017eevnog i novinarskog rada, bio je i politi\u010dki anga\u017eovan kako u osmanskom periodu, tako i u doba austrougarske vlasti u Bosni i Hercegovini. Posebno se zalagao za bolji status muslimanskog \u017eivlja u Bosni i Hercegovini. Zbog toga su njegov rad i djelo, nakon njegove smrti, u jednom historijskom periodu, bili nepravedno zapostavljeni i zaboravljeni u na\u0161oj zemlji.<\/p>\n<p style=\"text-align: justify;\">\u017divio je i radio u Sarajevu. Obavljao je i funkciju gradona\u010delnika Sarajeva. U Sarajevu je i umro 1902. godine.<\/p>\n<p style=\"text-align: justify;\">Najzna\u010dajnija djela su mu: zbirka narodnih umotvorina pod nazivom \u00abNarodno blago\u00bb i zbornik prijevoda sa isto\u010dnih jezika pod nazivom &#8220;Isto\u010dno blago&#8221;.<\/p>\n<p style=\"text-align: justify;\">Me\u0111u sakupljenim narodnim tvorevinama su brojne: poslovice, anegdote, narodne pjesme \u010diji stihovi se i danas \u010duju kroz interpretaciju sevdalinki, ilahije, popijevke itd. One imaju historijski zna\u010daj i govore o mudrosti i bogatstvu na\u0161e narodne knji\u017eevnosti.<\/p>\n<p style=\"text-align: justify;\"><a href=\"http:\/\/osmbklj.edu.ba\/wp-content\/uploads\/2015\/01\/slmbklj.jpg\"><img loading=\"lazy\" decoding=\"async\" class=\" wp-image-22 aligncenter\" src=\"http:\/\/osmbklj.edu.ba\/wp-content\/uploads\/2015\/01\/slmbklj-150x150.jpg\" alt=\"slmbklj\" width=\"247\" height=\"247\" \/><\/a>Nave\u0161\u0107emo neke od mnogobrojnih poslovica, jer:\u00a0\u00a0 <em>Poslovica je me\u0111u rije\u010dima\u00a0kao mjesec me\u0111u zvijezdama-<\/em><\/p>\n<p style=\"text-align: justify;\">Na linku ispod pro\u010ditajte hronologiju \u017eivota na\u0161eg bega!<\/p>\n<p style=\"text-align: justify;\"><a href=\"http:\/\/osmbklj.edu.ba\/wp-content\/uploads\/2015\/01\/Hronologija-\u017eivota-Mehmed-bega-K.-Ljubu\u0161aka.pdf\">Hronologija \u017eivota Mehmed-bega K. Ljubu\u0161aka<\/a><\/p>\n","protected":false},"excerpt":{"rendered":"<p>Mehmed-beg Kapetanovi\u0107 Ljubu\u0161ak je sakuplja\u010d usmenih tvorevina naroda Bosne i Hercegovine i prevodilac brojnih djela orijentalne knji\u017eevnosti. Ro\u0111en je 1839. godine u Vitini kod Ljubu\u0161kog. Pored knji\u017eevnog i novinarskog rada, bio je i politi\u010dki anga\u017eovan kako u osmanskom periodu, tako i u doba austrougarske vlasti u Bosni i Hercegovini. Posebno se zalagao za bolji status<\/p>\n","protected":false},"author":1,"featured_media":0,"parent":1289,"menu_order":0,"comment_status":"closed","ping_status":"closed","template":"","meta":{"footnotes":""},"class_list":["post-15","page","type-page","status-publish","hentry"],"_links":{"self":[{"href":"https:\/\/osmbklj.edu.ba\/index.php?rest_route=\/wp\/v2\/pages\/15","targetHints":{"allow":["GET"]}}],"collection":[{"href":"https:\/\/osmbklj.edu.ba\/index.php?rest_route=\/wp\/v2\/pages"}],"about":[{"href":"https:\/\/osmbklj.edu.ba\/index.php?rest_route=\/wp\/v2\/types\/page"}],"author":[{"embeddable":true,"href":"https:\/\/osmbklj.edu.ba\/index.php?rest_route=\/wp\/v2\/users\/1"}],"replies":[{"embeddable":true,"href":"https:\/\/osmbklj.edu.ba\/index.php?rest_route=%2Fwp%2Fv2%2Fcomments&post=15"}],"version-history":[{"count":0,"href":"https:\/\/osmbklj.edu.ba\/index.php?rest_route=\/wp\/v2\/pages\/15\/revisions"}],"up":[{"embeddable":true,"href":"https:\/\/osmbklj.edu.ba\/index.php?rest_route=\/wp\/v2\/pages\/1289"}],"wp:attachment":[{"href":"https:\/\/osmbklj.edu.ba\/index.php?rest_route=%2Fwp%2Fv2%2Fmedia&parent=15"}],"curies":[{"name":"wp","href":"https:\/\/api.w.org\/{rel}","templated":true}]}}