{"id":180,"date":"2017-06-10T09:51:15","date_gmt":"2017-06-10T09:51:15","guid":{"rendered":"http:\/\/d.commonsupport.com\/saratov\/?page_id=180"},"modified":"2025-12-11T21:24:06","modified_gmt":"2025-12-11T20:24:06","slug":"teachers","status":"publish","type":"page","link":"https:\/\/osmbklj.edu.ba\/?page_id=180","title":{"rendered":"Uposlenici"},"content":{"rendered":"<section class=\"kc-elm kc-css-139237 kc_row\"><div class=\"kc-row-container  kc-container\"><div class=\"kc-wrap-columns\"><div class=\"kc-elm kc-css-733334 kc_col-sm-12 kc_column kc_col-sm-12\"><div class=\"kc-col-container\"><div data-open-on-mouseover=\"\" data-tab-active=\"1\" data-effect-option=\"\" class=\"kc-elm kc-css-509754 kc_tabs group\">\n\t<div class=\"kc_wrapper ui-tabs kc_clearfix\">\n\t\t<ul class=\"kc_tabs_nav ui-tabs-nav kc_clearfix\">\n\t\t\t<li><a href=\"#\" data-prevent=\"scroll\"><i class=\"sl-people\"><\/i> Uprava<\/a><\/li><li><a href=\"#\" data-prevent=\"scroll\"><i class=\"sl-people\"><\/i> Razredna nastava<\/a><\/li><li><a href=\"#\" data-prevent=\"scroll\"><i class=\"sl-people\"><\/i> Predmetna nastava<\/a><\/li><li><a href=\"#\" data-prevent=\"scroll\"><i class=\"sl-people\"><\/i> Tehni\u010dko osoblje<\/a><\/li><li><a href=\"#\" data-prevent=\"scroll\"><i class=\"sl-people\"><\/i> Produ\u017eeni boravak<\/a><\/li><li><a href=\"#\" data-prevent=\"scroll\"><i class=\"sl-people\"><\/i> Asistenti<\/a><\/li>\t\t<\/ul>\n\t\t<div id=\"uprava\" class=\"kc-elm kc-css-857901 kc_tab ui-tabs-panel kc_ui-tabs-hide kc_clearfix \"><div class=\"kc_tab_content\"><div class=\"kc-elm kc-css-971127 kc-animated kc-animate-eff-pulse kc_text_block\"><\/p>\n<p style=\"text-align: center;\"><span style=\"font-size: 12pt;\"><strong>Adin Begi\u0107, direktor<\/strong><\/span><\/p>\n<p style=\"text-align: center;\"><span style=\"font-size: 12pt;\"><strong>Amela Merkez, sekretar<\/strong><\/span><\/p>\n<p style=\"text-align: center;\"><span style=\"font-size: 12pt;\"><strong>Azra Sinanovi\u0107, \u0161efica ra\u010dunovodstva<\/strong><\/span><\/p>\n<p style=\"text-align: center;\"><span style=\"font-size: 12pt;\"><strong>Berka Bibi\u0107, pedagog-psiholog<\/strong><\/span><\/p>\n<p style=\"text-align: center;\"><span style=\"font-size: 12pt;\"><strong>Nina \u010cizmi\u0107-\u0110uri\u0107, psiholog<\/strong><\/span><\/p>\n<p style=\"text-align: center;\"><span style=\"font-size: 12pt;\"><strong>Renata Dlouhi Kastelic, bibliotekar \u0161kole<\/strong><\/span><\/p>\n<p>\n<\/div><\/div><\/div><div id=\"razredna-nastava\" class=\"kc-elm kc-css-606177 kc_tab ui-tabs-panel kc_ui-tabs-hide kc_clearfix \"><div class=\"kc_tab_content\"><div class=\"kc-elm kc-css-143546 kc_text_block\"><\/p>\n<p>\n<em>Seldina Kova\u010devi\u0107, profesorica razredne nastave (IN MEMORIAM)<\/em><\/p>\n<p><span lang=\"\">Medina Ahmedspahi\u0107<\/span>, magistar razredne nastave<\/p>\n<p>Aldijana Red\u017eovi\u0107, magistar razredne nastave<\/p>\n<p><span lang=\"\">Belma Kadi\u0107<\/span>, profesorica razredne nastave<\/p>\n<p>Ajla Babi\u0107,\u00a0<span lang=\"\">profesorica razredne nastave<\/span><\/p>\n<p>Larisa \u0160aboti\u0107, profesorica razredne nastave<\/p>\n<p>Alma Aliba\u0161i\u0107, profesor razredne nastave<\/p>\n<p>Munira Pind\u017eo, profesorica razredne nastave<\/p>\n<p>Elvira Hebibovi\u0107, profesorica razredne nastave<\/p>\n<p>\u0160emsa Hasankovi\u0107, magistar razredne nastave<\/p>\n<p>Arijana Bandi\u0107, profesorica razredne nastave<\/p>\n<p>\n<\/div><\/div><\/div><div id=\"predmetna-nastava\" class=\"kc-elm kc-css-936797 kc_tab ui-tabs-panel kc_ui-tabs-hide kc_clearfix \"><div class=\"kc_tab_content\"><div class=\"kc-elm kc-css-720035 kc_text_block\"><\/p>\n<p>\n<span lang=\"\">Behdija Mustafi\u0107<\/span>,\u00a0<span lang=\"\">profesorica B\/H\/S jezika i knji\u017eevnosti<\/span><\/p>\n<p><span lang=\"\">Re\u0161ada Kobiljak, profesorica B\/H\/S jezika i knji\u017eevnosti\u00a0<\/span><\/p>\n<p><span lang=\"\">\u0110ejna Boti\u0107,\u00a0<\/span><span style=\"font-style: inherit;\">profesorica B\/H\/S jezika i knji\u017eevnosti<\/span><\/p>\n<p><span lang=\"\">Biljana Avdi\u0107, profesorica matematike\u00a0<\/span><\/p>\n<p><span lang=\"\">D\u017eenana Vuleta, profesorica matematike i fizike<\/span><\/p>\n<p><span lang=\"\">Faris D\u017eafo, nastavnik matematike<\/span><\/p>\n<p><span lang=\"\">D\u017eenana Kopi\u0107, profesorica engleskog jezika\u00a0<\/span><\/p>\n<p><span lang=\"\">Ajala Skopak Brajlovi\u0107, profesorica engleskog jezika<\/span><\/p>\n<p><span lang=\"\">Emina Mu\u0107aki<\/span><span style=\"font-style: inherit;\">, profesorica engleskog jezika<\/span><\/p>\n<p><span lang=\"\">Mirza Zekovi\u0107, profesor njema\u010dkog jezika<\/span><\/p>\n<p><span lang=\"\">Emina Sal\u010dinovi\u0107, prfesorica njema\u010dkog jezika<\/span><\/p>\n<p><span lang=\"\">Lejla Ali\u010di\u0107, profesorica historije\u00a0<\/span><\/p>\n<p><span lang=\"\">Emina Smailbegovi\u0107, profesorica biologije\u00a0<\/span><\/p>\n<p><span lang=\"\">Elma Hela\u0107, profesorica Dru\u0161tva i DKR-a<\/span><\/p>\n<p><span lang=\"\">Alma Spiljak, profesorica geografije<\/span><\/p>\n<p><span lang=\"\">Sabiha Bogilovi\u0107, profesorica vjeronauke\u00a0<\/span><\/p>\n<p><span lang=\"\">Mirsada Luka\u010d, nastavnica hemije\u00a0<\/span><\/p>\n<p><span lang=\"\">Amra Kadri\u0107, profesorica muzi\u010dke kulture\u00a0<\/span><\/p>\n<p><span lang=\"\">Dino \u010cegi\u0107, pro<\/span><span lang=\"\">fesor tehni\u010dke kulture<\/span><\/p>\n<p><span lang=\"\">Ermin Omba\u0161a, profesor tehni\u010dke kulture<\/span><\/p>\n<p><span lang=\"\">Kenan Su\u0107eska, profesor tjelesnog i zdravstvenog odgoja<\/span><\/p>\n<p><span lang=\"\">Nina Zekovi\u0107,\u00a0<\/span><span style=\"font-style: inherit;\">profesorica tjelesnog i zdravstvenog odgoja<\/span><\/p>\n<p><span lang=\"\">Edin Smaji\u0107, profesor informatike, tehni\u010dke kulture i osnova tehnike<\/span><\/p>\n<p><span lang=\"\">Adnan Mu\u0161inovi\u0107, profesor informatike\u00a0<\/span><\/p>\n<p><span lang=\"\">Alma \u017diga, profesorica likovne kultu<\/span><span lang=\"\">re<\/span><\/p>\n<p><span lang=\"\">Alma Kasumagi\u0107 profesorica likovne kulture\u00a0<\/span><\/p>\n<p>Sini\u0161a Mujaba\u0161i\u0107, profesor za katoli\u010dki vjeronauk<\/p>\n<p>\n<\/div><\/div><\/div><div id=\"tehnicko-osoblje\" class=\"kc-elm kc-css-33095 kc_tab ui-tabs-panel kc_ui-tabs-hide kc_clearfix \"><div class=\"kc_tab_content\"><div class=\"kc-elm kc-css-704383 kc_text_block\"><\/p>\n<p>Amela \u010cakal, higijeni\u010darka<br \/>Aida D\u017euho, higijeni\u010darka <br \/>Belma Podrug, higijeni\u010darka<br \/>Senija Ra\u0161iti, higijeni\u010darka <br \/>Mirheta D\u017euho, servirka<br \/>Sabiha Hrustemovi\u0107, higijeni\u010darka<br \/>Asim Prlja\u010da, dnevni \u010duvar za sigurnost<br \/>Bahrudin D\u017eafi\u0107,\u00a0servisno-tehni\u010dka podr\u0161ka<br \/>Kenan Hod\u017ei\u0107, servisno-tehni\u010dka podr\u0161ka<\/p>\n<p>\n<\/div><\/div><\/div><div id=\"produzeni-boravak\" class=\"kc-elm kc-css-493384 kc_tab ui-tabs-panel kc_ui-tabs-hide kc_clearfix \"><div class=\"kc_tab_content\"><div class=\"kc-elm kc-css-105531 kc_text_block\"><\/p>\n<p><span style=\"font-family: helvetica, arial, sans-serif;\">Lamija Kadrovi\u0107 (grupa I razreda)<\/span><span style=\"font-family: helvetica, arial, sans-serif;\"><\/span><\/p>\n<p>\n<span style=\"font-family: helvetica, arial, sans-serif;\">Almina \u010cau\u0161evi\u0107 (grupa II razreda)<\/span><\/p>\n<p><span style=\"font-family: helvetica, arial, sans-serif;\">Nermina \u0160eper (grupa III i IV razreda)<\/span><\/p>\n<p><span style=\"font-family: helvetica, arial, sans-serif;\">Adisa Mahmutovi\u0107 (grupa III i IV razreda)<\/span><\/p>\n<\/p>\n<p>\n<\/div><\/div><\/div><div id=\"asistenti\" class=\"kc-elm kc-css-319067 kc_tab ui-tabs-panel kc_ui-tabs-hide kc_clearfix \"><div class=\"kc_tab_content\"><div class=\"kc-elm kc-css-369959 kc_text_block\"><\/p>\n<p>\u0160ejla Hod\u017ei\u0107<br \/>Amina Huseinovi\u0107<br \/>Adnan Dogan<br \/>Alsada \u010colakovi\u0107<\/p>\n<p>\n<\/div><\/div><\/div>\t<\/div>\n<\/div>\n\n\n<\/div><\/div><\/div><\/div><\/section>\n","protected":false},"excerpt":{"rendered":"","protected":false},"author":1,"featured_media":0,"parent":0,"menu_order":0,"comment_status":"closed","ping_status":"closed","template":"tpl-king_composer.php","meta":{"footnotes":""},"class_list":["post-180","page","type-page","status-publish","hentry"],"_links":{"self":[{"href":"https:\/\/osmbklj.edu.ba\/index.php?rest_route=\/wp\/v2\/pages\/180","targetHints":{"allow":["GET"]}}],"collection":[{"href":"https:\/\/osmbklj.edu.ba\/index.php?rest_route=\/wp\/v2\/pages"}],"about":[{"href":"https:\/\/osmbklj.edu.ba\/index.php?rest_route=\/wp\/v2\/types\/page"}],"author":[{"embeddable":true,"href":"https:\/\/osmbklj.edu.ba\/index.php?rest_route=\/wp\/v2\/users\/1"}],"replies":[{"embeddable":true,"href":"https:\/\/osmbklj.edu.ba\/index.php?rest_route=%2Fwp%2Fv2%2Fcomments&post=180"}],"version-history":[{"count":44,"href":"https:\/\/osmbklj.edu.ba\/index.php?rest_route=\/wp\/v2\/pages\/180\/revisions"}],"predecessor-version":[{"id":5512,"href":"https:\/\/osmbklj.edu.ba\/index.php?rest_route=\/wp\/v2\/pages\/180\/revisions\/5512"}],"wp:attachment":[{"href":"https:\/\/osmbklj.edu.ba\/index.php?rest_route=%2Fwp%2Fv2%2Fmedia&parent=180"}],"curies":[{"name":"wp","href":"https:\/\/api.w.org\/{rel}","templated":true}]}}