{"id":3270,"date":"2018-09-25T08:06:07","date_gmt":"2018-09-25T08:06:07","guid":{"rendered":"http:\/\/osmbklj.edu.ba\/?page_id=3270"},"modified":"2024-07-01T13:33:58","modified_gmt":"2024-07-01T11:33:58","slug":"skolski-bus","status":"publish","type":"page","link":"https:\/\/osmbklj.edu.ba\/?page_id=3270","title":{"rendered":"\u0160KOLSKI BUS"},"content":{"rendered":"<p>U \u0161kolskoj 2023\/2024. godini, \u0161kolsku autobus \u0107e saobra\u0107ati u sljede\u0107im terminima.<\/p>\n<p>&nbsp;<\/p>\n<p>Polazak\u00a0 sa \u0160ipa\u00a0\u00a0\u00a0\u00a0\u00a0\u00a0\u00a0\u00a0\u00a0\u00a0\u00a0\u00a0\u00a0\u00a0\u00a0\u00a0\u00a0\u00a0\u00a0\u00a0\u00a0\u00a0\u00a0\u00a0\u00a0\u00a0\u00a0\u00a0 \u00a0\u00a0\u00a0\u00a0\u00a0\u00a0\u00a0\u00a0\u00a0Povratak sa Ko\u0161evskog Brdo<\/p>\n<p>I smjena:\u00a0\u00a0\u00a0 7,30\u00a0 \u00a0 \u00a0 \u00a0 \u00a0 \u00a0 \u00a0 \u00a0 \u00a0 \u00a0 \u00a0 \u00a0 \u00a0 \u00a0 \u00a0 \u00a0 \u00a0 \u00a0 \u00a0I smjena:\u00a0 11:40;\u00a0 \u00a0I smjena:\u00a0 13,20;<\/p>\n<p>II smjena: 13,00\u00a0\u00a0\u00a0\u00a0\u00a0 \u00a0\u00a0\u00a0\u00a0\u00a0\u00a0\u00a0\u00a0\u00a0\u00a0\u00a0 \u00a0\u00a0\u00a0\u00a0\u00a0\u00a0\u00a0\u00a0\u00a0\u00a0\u00a0\u00a0\u00a0\u00a0\u00a0\u00a0\u00a0\u00a0II smjena:\u00a0 17,05<\/p>\n","protected":false},"excerpt":{"rendered":"<p>U \u0161kolskoj 2023\/2024. godini, \u0161kolsku autobus \u0107e saobra\u0107ati u sljede\u0107im terminima. &nbsp; Polazak\u00a0 sa \u0160ipa\u00a0\u00a0\u00a0\u00a0\u00a0\u00a0\u00a0\u00a0\u00a0\u00a0\u00a0\u00a0\u00a0\u00a0\u00a0\u00a0\u00a0\u00a0\u00a0\u00a0\u00a0\u00a0\u00a0\u00a0\u00a0\u00a0\u00a0\u00a0 \u00a0\u00a0\u00a0\u00a0\u00a0\u00a0\u00a0\u00a0\u00a0Povratak sa Ko\u0161evskog Brdo I smjena:\u00a0\u00a0\u00a0 7,30\u00a0 \u00a0 \u00a0 \u00a0 \u00a0 \u00a0 \u00a0 \u00a0 \u00a0 \u00a0 \u00a0 \u00a0 \u00a0 \u00a0 \u00a0 \u00a0 \u00a0 \u00a0 \u00a0I smjena:\u00a0 11:40;\u00a0 \u00a0I smjena:\u00a0 13,20; II smjena: 13,00\u00a0\u00a0\u00a0\u00a0\u00a0 \u00a0\u00a0\u00a0\u00a0\u00a0\u00a0\u00a0\u00a0\u00a0\u00a0\u00a0 \u00a0\u00a0\u00a0\u00a0\u00a0\u00a0\u00a0\u00a0\u00a0\u00a0\u00a0\u00a0\u00a0\u00a0\u00a0\u00a0\u00a0\u00a0II smjena:\u00a0 17,05<\/p>\n","protected":false},"author":1,"featured_media":2324,"parent":1289,"menu_order":0,"comment_status":"closed","ping_status":"closed","template":"","meta":{"footnotes":""},"class_list":["post-3270","page","type-page","status-publish","has-post-thumbnail","hentry"],"_links":{"self":[{"href":"https:\/\/osmbklj.edu.ba\/index.php?rest_route=\/wp\/v2\/pages\/3270","targetHints":{"allow":["GET"]}}],"collection":[{"href":"https:\/\/osmbklj.edu.ba\/index.php?rest_route=\/wp\/v2\/pages"}],"about":[{"href":"https:\/\/osmbklj.edu.ba\/index.php?rest_route=\/wp\/v2\/types\/page"}],"author":[{"embeddable":true,"href":"https:\/\/osmbklj.edu.ba\/index.php?rest_route=\/wp\/v2\/users\/1"}],"replies":[{"embeddable":true,"href":"https:\/\/osmbklj.edu.ba\/index.php?rest_route=%2Fwp%2Fv2%2Fcomments&post=3270"}],"version-history":[{"count":3,"href":"https:\/\/osmbklj.edu.ba\/index.php?rest_route=\/wp\/v2\/pages\/3270\/revisions"}],"predecessor-version":[{"id":5204,"href":"https:\/\/osmbklj.edu.ba\/index.php?rest_route=\/wp\/v2\/pages\/3270\/revisions\/5204"}],"up":[{"embeddable":true,"href":"https:\/\/osmbklj.edu.ba\/index.php?rest_route=\/wp\/v2\/pages\/1289"}],"wp:featuredmedia":[{"embeddable":true,"href":"https:\/\/osmbklj.edu.ba\/index.php?rest_route=\/"}],"wp:attachment":[{"href":"https:\/\/osmbklj.edu.ba\/index.php?rest_route=%2Fwp%2Fv2%2Fmedia&parent=3270"}],"curies":[{"name":"wp","href":"https:\/\/api.w.org\/{rel}","templated":true}]}}