{"id":4266,"date":"2021-02-19T13:11:05","date_gmt":"2021-02-19T13:11:05","guid":{"rendered":"http:\/\/osmbklj.edu.ba\/?page_id=4266"},"modified":"2025-12-15T09:58:26","modified_gmt":"2025-12-15T08:58:26","slug":"pravilnici","status":"publish","type":"page","link":"https:\/\/osmbklj.edu.ba\/?page_id=4266","title":{"rendered":"Pravilnici"},"content":{"rendered":"<h2 style=\"text-align: center;\">PRAVILNICI<\/h2>\n<p>&nbsp;<\/p>\n<p><a href=\"https:\/\/osmbklj-my.sharepoint.com\/:b:\/g\/personal\/info_osmbklj_edu_ba\/ESXYx1kvCIFBqOCwt3orG3cB2xTgiX_msmCn7eQRJFZnmg?e=kGHjTF\">Pravila \u0161kolske ishrane 2024<\/a><\/p>\n<p><a href=\"https:\/\/osmbklj-my.sharepoint.com\/:b:\/g\/personal\/info_osmbklj_edu_ba\/ESCBZ1yYNchPti8e1HK6nWkBaxHlX1m9UO3eRmPO2UjymQ?e=yrfrHC\">Pravilnik o radi i o unutr\u0161njoj organiozaciji i sistematizaciji radnih mjesta u JU O\u0160 &#8220;Mehmed-beg Kapetanovi\u0107 Ljubu\u0161ak&#8221; Sarajevo 2024<\/a><\/p>\n<p><a href=\"https:\/\/osmbklj-my.sharepoint.com\/:b:\/g\/personal\/info_osmbklj_edu_ba\/EYiBnrolaslGhoWJLPcFzE4BJYmj64dggD6HsrTBC4MDDg?e=V7cI1X\" target=\"_blank\" rel=\"noopener\">Pravilnik o izmjenama i dopunama Pravilnika o unutra\u0161njoj organizaciji i sistematizaciji radnih mjesta JU O\u0160 &#8220;Mehmed-beg Kapetanovi\u0107 Ljubu\u0161ak&#8221; Sarajevo<\/a><\/p>\n<p><!--StartFragment --> <a href=\"https:\/\/osmbklj-my.sharepoint.com\/:b:\/g\/personal\/info_osmbklj_edu_ba\/IQD65KyQaLqQTIbAn3ULX-EnAd3MVSLhfo-GF3Weq9KeFU0?e=YWQycb\">Pravilnik o izmjenam i dopunama Pravilnika o radu &#8211; novemar 2025<\/a><\/p>\n<p><a href=\"https:\/\/osmbklj-my.sharepoint.com\/:w:\/g\/personal\/info_osmbklj_edu_ba\/EbKO8kJy74pCjfpc6uOoujsBP7AKnBgpHRjwpdIsihMnSQ?e=076ctL\" target=\"_blank\" rel=\"noopener\">Pravila \u0161kole 2025<\/a><\/p>\n<p><a href=\"https:\/\/osmbklj-my.sharepoint.com\/:w:\/g\/personal\/info_osmbklj_edu_ba\/IQCWeWHcmZRMSpgerjHubHZIAR1hjs8zb1-AxgcDdi_UYa8?e=I3kGNG\" target=\"_blank\" rel=\"noopener\">Pravilnik o videonadzoru<\/a><\/p>\n<p>Propisi Ministrstva za odgoj i obrazovanje Kantona Sarajevo: <a href=\"https:\/\/mo.ks.gov.ba\/propisi-ministarstvo\">Propisi | ministarstvo za odgoj i obrazovanje<\/a><\/p>\n<p><a href=\"https:\/\/mo.ks.gov.ba\/sites\/mo.ks.gov.ba\/files\/2024-07\/Zakon%20o%20osnovnom%20i%20srednjem%20obrazovanju.pdf\" target=\"_blank\" rel=\"noopener\">Zakon o odgoju i obrazovanju u osnovnoj i srednjpj \u0161koli u Kantonu Sarajevo 27\/24<\/a><\/p>\n<p>Kolektivni ugovor za djelatnosti pred\u0161kolskog odgoja i osnovnog odgoja i obrazovanja u Kantonu Sarajevo (<a href=\"https:\/\/mo.ks.gov.ba\/sites\/mo.ks.gov.ba\/files\/2024-06\/kolektivni_ugovor.pdf\" target=\"_blank\" rel=\"noopener\">24\/22<\/a>); (<a href=\"https:\/\/mo.ks.gov.ba\/sites\/mo.ks.gov.ba\/files\/2024-06\/00206b3c4ece221007085629.pdf\" target=\"_blank\" rel=\"noopener\">40\/22<\/a>); (<a href=\"https:\/\/mo.ks.gov.ba\/sites\/mo.ks.gov.ba\/files\/2024-06\/Kolektivni%2520ugovor%2520o%2520izmjenama%2520i%2520dopunama%2520Kolektivnog%2520ugovora%2520za%2520djelatnosti%2520pred%25C5%25A1kolskog%2520odbora%2520i%2520obrazovanja%2520u%2520Kantonu%2520Sarajevo.pdf\" target=\"_blank\" rel=\"noopener\">7\/24<\/a>); (<a href=\"https:\/\/mo.ks.gov.ba\/sites\/mo.ks.gov.ba\/files\/2024-10\/Kolektivni%20ugovor%20o%20izmjenama%20i%20dopunama%20Kolektivnog%20ugovora%20za%20djelatnosti%20pred%C5%A1kolskog%20odgoja%20i%20obrazovanja%20SN%20KS%2029%2024.pdf\" target=\"_blank\" rel=\"noopener\">39\/24<\/a>); (<a href=\"https:\/\/mo.ks.gov.ba\/sites\/mo.ks.gov.ba\/files\/2025-05\/Kolektivni%20ugovor%20o%20izmjenama%20i%20dopunama%20KU%20za%20djelatnosti%20pred%C5%A1kolskog%20i%20osnovnog%20odgoja%20i%20obrazovanja%20SN%20KS%2017%2025.pdf\" target=\"_blank\" rel=\"noopener\">17\/25<\/a>)<\/p>\n<p>Pravilnik o izricanju odgojno-disciplinskih mjera u osnovnim i srednjim \u0161kolama (<a href=\"https:\/\/mo.ks.gov.ba\/sites\/mo.ks.gov.ba\/files\/2024-08\/Pravilnik%20o%20izricanju%20odgojnih%20mjera.pdf\" target=\"_blank\" rel=\"noopener\">33\/24<\/a>); (<a href=\"https:\/\/mo.ks.gov.ba\/sites\/mo.ks.gov.ba\/files\/2025-01\/Pravilnik%20o%20izmjeni%20Pravilnika%20o%20izricanju%20odgojno%20disciplinskih%20mjera%20u%20osnovnim%20i%20srednjim%20%C5%A1kolama%20SN%20KS%2051%2024.pdf\" target=\"_blank\" rel=\"noopener\">51\/24<\/a>); (<a href=\"https:\/\/mo.ks.gov.ba\/sites\/mo.ks.gov.ba\/files\/2025-04\/Pravilnik%20o%20izmjenama%20i%20dopunama%20Prvailnika%20o%20izricanju%20odgojno%20%20disciplinskih%20mjera%20u%20O%C5%A0%20i%20S%C5%A0%20SNKS%2015%2025.pdf\" target=\"_blank\" rel=\"noopener\">15\/25<\/a>)<\/p>\n<p>Pravilnik o vo\u0111enju evidencije o neprihvatljivim oblicima pona\u0161anja i\/ili drugim faktorima koji mogu ugorziri najbolji interes u\u010denika i za\u0161tititi u\u010denika (<a href=\"https:\/\/mo.ks.gov.ba\/sites\/mo.ks.gov.ba\/files\/2024-08\/Pravilnik%20o%20neprihvatljivim%20oblicima%20ponasanja.pdf\" target=\"_blank\" rel=\"noopener\">33\/24<\/a>); (<a href=\"https:\/\/mo.ks.gov.ba\/sites\/mo.ks.gov.ba\/files\/2025-01\/Pravilnik%20o%20izmjeni%20pravilnika%20o%20vo%C4%91enju%20evidencije%20o%20neprihvatljivim%20oblicima%20pona%C5%A1anja%20SMKS%203%2025.pdf\" target=\"_blank\" rel=\"noopener\">3\/25<\/a>)<\/p>\n<p>Pravilnik o pra\u0107enju, vrednovanju i ocjenjivanju u\u010denika osnovnih i srednjih \u0161kola u Kantonu Sarajevo (<a href=\"https:\/\/mo.ks.gov.ba\/sites\/mo.ks.gov.ba\/files\/2024-06\/pravilnik_o_pracenju_vrednovanju_i_ocjenjivanju_ucenika_osnovnih_i_srednjih_skola_u_kantonu_sarajevo_sn_ks_24_18.pdf\" target=\"_blank\" rel=\"noopener\">24\/18<\/a>); (<a href=\"https:\/\/mo.ks.gov.ba\/sites\/mo.ks.gov.ba\/files\/2024-06\/pravilnik_o_dopuni_pravilnika_o_pracenju_vrednovanju_i_ocjenjivanju_ucenika_osnovnih_i_srednjih_skola_u_kantonu_sarajevo_13_20.pdf\" target=\"_blank\" rel=\"noopener\">13\/20<\/a>)<\/p>\n<p>Pedago\u0161ki standardi i normativi za odgoj i obrazovanje u osnovnoj i srednjoj \u0161koli (<a href=\"https:\/\/mo.ks.gov.ba\/sites\/mo.ks.gov.ba\/files\/2025-01\/Pedago%C5%A1ki%20standardi%20i%20normativi%20za%20%20odgoj%20i%20obrazovanje%20u%20O%C5%A0%20i%20S%C5%A0%20%20%20SNKS%203%2025.pdf\" target=\"_blank\" rel=\"noopener\">3\/25<\/a>); (<a href=\"https:\/\/mo.ks.gov.ba\/sites\/mo.ks.gov.ba\/files\/2025-08\/Odluka%20o%20izmjeni%20i%20dopuni%20Odluke%20o%20pedago%C5%A1kim%20standardima%20i%20normativima%20za%20odgoj%20i%20obrazovanje%20u%20O%C5%A0%20i%20S%C5%A0%20SN%20kS%2029%2025.pdf\" target=\"_blank\" rel=\"noopener\">29\/25<\/a>)<\/p>\n<p>Pravilnik o izboru, razrje\u0161enju, nadle\u017enostima i na\u010dinu rada \u0161kolskog odbora osnovne \u0161kole, srednje \u0161kole, srednjo\u0161kolskog i \u0161kolskog centra na podru\u010dju Kantona Sarajevo (<a href=\"https:\/\/mo.ks.gov.ba\/sites\/mo.ks.gov.ba\/files\/2025-01\/Pravilnik%20o%20izboru%2C%20razrje%C5%A1enju%2C%20nadle%C5%BEnostima%20i%20m%2Bna%C4%8Dinu%20rada%20%C5%A1kolskih%20odbora%20O%C5%A0%20i%20S%C5%A0%20SN%20KS%2046%2020%20%281%29.pdf\" target=\"_blank\" rel=\"noopener\">46\/24<\/a>); (<a href=\"https:\/\/mo.ks.gov.ba\/sites\/mo.ks.gov.ba\/files\/2025-01\/Pravilnik%20o%20izmjeni%20Pravilnika%20o%20izboru%2C%20razrje%C5%A1enju%20i%20nadle%C5%BEnostima%20%C5%A0O%20%20SNKS%203%2025.pdf\" target=\"_blank\" rel=\"noopener\">3\/25<\/a>)<\/p>\n<p>Pravilnik za prijem radnika u radni odnos u osnovnim i srednjim \u0161kolama kao javnim ustanovama na podru\u010dju Kantona Sarajevo (<a href=\"https:\/\/mo.ks.gov.ba\/sites\/mo.ks.gov.ba\/files\/2025-02\/Pravilnik%20za%20prijem%20radnika%20u%20radni%20odnos%20u%20osnovnim%20i%20srednjim%20%C5%A1kolama%20kao%20javnim%20ustanovama%20na%20podru%C4%8Dju%20KS.%20SNKS%208%2025.pdf\" target=\"_blank\" rel=\"noopener\">8\/25<\/a>); Izmjene (<a href=\"https:\/\/mo.ks.gov.ba\/sites\/mo.ks.gov.ba\/files\/2025-02\/Pravilnik%20za%20prijem%20radnika%20u%20radni%20odnos%20u%20osnovnim%20i%20srednjim%20%C5%A1kolama%20kao%20javnim%20ustanovama%20na%20podru%C4%8Dju%20KS.%20SNKS%208%2025.pdf\" target=\"_blank\" rel=\"noopener\">37\/25<\/a>)<\/p>\n<p>Pravilnik o primjeni informacionog sistema EMIS u osnovnim i srednjim \u0161kolama u Kantonu Sarajevo (<a href=\"https:\/\/mo.ks.gov.ba\/sites\/mo.ks.gov.ba\/files\/2025-09\/Pravilnik%20o%20primjeni%20%20EMIS%20sistema.pdf\" target=\"_blank\" rel=\"noopener\">35\/25<\/a>)<\/p>\n<p>Pravilnik o inkluzivnom obrazovanju (<a href=\"https:\/\/mo.ks.gov.ba\/sites\/mo.ks.gov.ba\/files\/2025-09\/Pravilnik%20o%20inkluzivnom%20obrazovanju%20SN%20KS%2037%2025.pdf\" target=\"_blank\" rel=\"noopener\">37\/25<\/a>)<\/p>\n<p>Pravilnik o sadr\u017eaju i na\u010dinu vo\u0111enja registra \u0161kola na podru\u010dju Kantona Sarajevo (<a href=\"https:\/\/mo.ks.gov.ba\/sites\/mo.ks.gov.ba\/files\/2025-04\/Pravilnik%20o%20sadr%C5%BEaju%20i%20na%C4%8Dinu%20vo%C4%91enja%20registra%20%C5%A1kola%20na%20podru%C4%8Dju%20Kantona%20Sarajevo%20SN%20KS%20%2014%2025.pdf\" target=\"_blank\" rel=\"noopener\">14\/25<\/a>)<\/p>\n<p>Pravilnik o nostrifikaciji i ekvivalenciji inostranih svjedod\u017ebi\/obrazovnih isprava u osnovnoj i srednjoj \u0161koli (<a href=\"https:\/\/mo.ks.gov.ba\/sites\/mo.ks.gov.ba\/files\/2025-03\/Pravilnik%20o%20nostrifikaciji%20i%20ekvivalenciji%20inostranih%20svjedo%C4%91bi%20obrazovnih%20isprava%20SN%20KS%2010%2025.pdf\" target=\"_blank\" rel=\"noopener\">10\/25<\/a>)<\/p>\n<p>Pravilnik o realizaciji \u0161kole u prirodi, izleta, studijskih posjeta, ekskurzija, kampovanja\/logorovanja, dru\u0161tveno-korisnog u\u010denja i drugih oblika odgojno-obrazovnog rada u osnovnoj i srednjoj \u0161koli (<a href=\"https:\/\/mo.ks.gov.ba\/sites\/mo.ks.gov.ba\/files\/2024-09\/Pravilnik%20o%20realizaciji%20%C5%A1kole%20u%20prirodi%2C%20izleta%2C%20studijskih%20posjeta%2C%20ekskurzija%2C%20kamopvanja-logorovanja....%20SNKS%2034%2024.pdf\" target=\"_blank\" rel=\"noopener\">34\/24<\/a>); (<a href=\"https:\/\/mo.ks.gov.ba\/sites\/mo.ks.gov.ba\/files\/2025-03\/Pravilnik%20o%20izmjenama%20i%20dopunama%20pravilnik%20ao%20organizacciji%20i%20realizaciji%20%C5%A1kole%20u%20%20SN%20KS%2010%2025.pdf\" target=\"_blank\" rel=\"noopener\">10\/25<\/a>)<\/p>\n<p>Pravilnik o prepoznavanju, prevenciji i za\u0161titi od diskriminacije u osnovnim \u0161kolama (<a href=\"https:\/\/mo.ks.gov.ba\/sites\/mo.ks.gov.ba\/files\/2025-02\/Pravilnik%20prepoznavanju%2C%20prevenciji%20i%20za%C5%A1titi%20od%20diskriminacije%20u%20osnovnim%20i%20srednjim%20%C5%A1kolama%20SN%20KS%208%2025.pdf\" target=\"_blank\" rel=\"noopener\">8\/25<\/a>)<\/p>\n<p>Zakon o ud\u017eebenicima (<a href=\"https:\/\/mo.ks.gov.ba\/sites\/mo.ks.gov.ba\/files\/2024-06\/zakon_o_udzbenicima_u_kantonu_sarajevo_snks_31_19.pdf\" target=\"_blank\" rel=\"noopener\">31\/19<\/a>) (<a href=\"https:\/\/mo.ks.gov.ba\/sites\/mo.ks.gov.ba\/files\/2024-06\/zakon_o_izmjeni_zakona_o_udzbenicima_u_kantonu_sarajevo_snks_34_20.pdf\" target=\"_blank\" rel=\"noopener\">34\/20<\/a>) (<a href=\"https:\/\/mo.ks.gov.ba\/sites\/mo.ks.gov.ba\/files\/2024-06\/zakon_o_izmjenama_zakona_o_udzbenicima_u_kantonu_sarajevo_snks_br_33_21.pdf\" target=\"_blank\" rel=\"noopener\">33\/21<\/a>)<\/p>\n<p>&nbsp;<\/p>\n<hr \/>\n<p><a href=\"https:\/\/osmbklj-my.sharepoint.com\/:b:\/g\/personal\/info_osmbklj_edu_ba\/EZYqSg2HEF1GoD1emhAYdlkBWNACP6l3nN2JskIRj-b8hw?e=OMAaBb\">Pravilnik o radu \u0161kolske biblioteke<\/a><\/p>\n<p><a href=\"https:\/\/osmbklj-my.sharepoint.com\/:b:\/g\/personal\/info_osmbklj_edu_ba\/EZ4D5LdvYGpDskPxRMKn_4gBFq-2NS_V1AyjV9H9CcT0SA?e=tcVoV7\">Pravilnik o kancelarijskom poslovanju<\/a><\/p>\n<p><a href=\"https:\/\/osmbklj-my.sharepoint.com\/:b:\/g\/personal\/info_osmbklj_edu_ba\/EYIxBlri9FpHmn4nU-6d-xoBcN5lGp_eKY54Cs7jK2rfiw?e=k1FILe\">Pravilnik o javnim nabavkama<\/a><\/p>\n<p><a href=\"https:\/\/osmbklj-my.sharepoint.com\/:b:\/g\/personal\/info_osmbklj_edu_ba\/ESxcNtFeyWlAkUbuxI7OUxABWJFhyXJEKBSkfrMuXR5hZA?e=m3c9Jf\">Pravilnik o za\u0161titi na radu<\/a><\/p>\n<p><a href=\"https:\/\/osmbklj-my.sharepoint.com\/:b:\/g\/personal\/info_osmbklj_edu_ba\/EcjI0eC5PTROg9Gq4Au9P64B0G7OAR4psBR0byF8iYFNcQ?e=0XTcGP\">Pravilnik o neopravdanom izostajanju s nastave<\/a><\/p>\n<p><!--StartFragment --> <a href=\"https:\/\/osmbklj-my.sharepoint.com\/:w:\/g\/personal\/info_osmbklj_edu_ba\/IQA69CvBmVWySIzqWUJ3AV3CAQg32ta4V8-qgp9cl8roojM?e=8xKO7C\">Poslovnik-o-radu-stru\u010dnih-organa-\u0161kole NV OSMBKLJ 2025-2026.docx<\/a><\/p>\n<p><a href=\"https:\/\/osmbklj-my.sharepoint.com\/:b:\/g\/personal\/info_osmbklj_edu_ba\/EcTCoECodFdAvidKbzRYcbcBsE3b0MU3EDmyHCggXNwJ7A?e=SY3Ta9\">PRAVILNIK O ORGANIZACIJI I REALIZACIJI IZLETA, STUDIJSKIH POSJETA, EKSKURZIJA, KAMPOVANJA\/LOGOROVANJA, DRU\u0160TVENO\/KORISNOG RADA, \u0160KOLE U PRIRODI I DRUGIH OBLIKA ODGOJNO-OBRAZOVNOG RADA U OSNOVNOJ I SREDNJOJ \u0160KOLI<\/a><\/p>\n<p><a href=\"https:\/\/osmbklj-my.sharepoint.com\/:b:\/g\/personal\/info_osmbklj_edu_ba\/EcdqDdRzm-9BqliXwX2lObABTXeK8AckwvaKVm98CNDxIA?e=zU6LY2\">Pravilnik o izmjenama i dopunama pravilnika o vo\u0111enju evidencije o neprihvatljivim oblicima pona\u0161anja i za\u0161titi u\u010denika<\/a><\/p>\n<p><a href=\"https:\/\/osmbklj-my.sharepoint.com\/:b:\/g\/personal\/info_osmbklj_edu_ba\/EZ6WSY223-tBqZ9_lbJ46RcBwfDsmvVF792Ouw5eq7K6gg?e=kBfv1Z\">Pravilnik o izmjeni pravilnika o neopravdanom izostajanju s nastave 24-20<\/a><\/p>\n<p><a href=\"https:\/\/osmbklj-my.sharepoint.com\/:w:\/g\/personal\/info_osmbklj_edu_ba\/ETWWA6q21ORAq-EHbTXUOccBWKWHVZC_fHOy_iDXjWvIqg?e=vBG3fr\" target=\"_blank\" rel=\"noopener\">Pravilnik o sticanju vlastitih prihoda (DOCX)<\/a><\/p>\n<p><a href=\"https:\/\/osmbklj-my.sharepoint.com\/:b:\/g\/personal\/info_osmbklj_edu_ba\/EZDbdNDoPMtJjlIaQ1yT81EBjOQfTy_y87QRq70L5QlKqA?e=e78egD\">Pravilnik o na\u010dinu i obliku provo\u0111enja odgojno-obrazovne podr\u0161ke i stru\u010dnog tretmana te Smjernice\/Shema komunikacije multisektorskog postupanja u iznenadnim, kriznim doga\u0111ajima u odgojno-obrazovnim ustanovama u Kantonu Sarajevo objavljen u &#8220;Slu\u017ebenim novinama&#8221; broj 19 od 16. 5. 2024. godine<\/a><\/p>\n<p><!--StartFragment --> <a href=\"https:\/\/osmbklj-my.sharepoint.com\/:b:\/g\/personal\/info_osmbklj_edu_ba\/IQCGVANR3YnqT56FWgTs4ctPAfqzt0A5tb6KySq5aGpantM?e=0gGYX5\">Pravilnik o radu produ\u017eenog boravka<\/a><\/p>\n<hr \/>\n<p><a href=\"https:\/\/osmbklj-my.sharepoint.com\/:w:\/g\/personal\/info_osmbklj_edu_ba\/EfvlljAD7hxGuQq2KpgRKgsBdTEvpi8eMxhCTJSwkhQulQ?e=DQJDjI\">Pravilnik o radu &#8211; 2022<\/a><\/p>\n<p>Izmjena Pravilnika o radu 2022 &#8211; I izmjena<\/p>\n<p>Izmjena Pravilnika o radu 2022 &#8211; II izmjena<\/p>\n<hr \/>\n<p><a href=\"http:\/\/osmbklj.edu.ba\/wp-content\/uploads\/2021\/02\/OSMBKLJ-PRAVILNIK-O-RADU-25.juni-2018.pdf\">OSMBKLJ &#8211; PRAVILNIK O RADU 25.juni 2018<\/a><\/p>\n<p><a href=\"http:\/\/osmbklj.edu.ba\/wp-content\/uploads\/2021\/02\/OSMBKLJ-PRAVILNIK-O-RADU-IZMJENE.pdf\">OSMBKLJ &#8211; PRAVILNIK O RADU IZMJENE<\/a><\/p>\n<p>&nbsp;<\/p>\n<hr \/>\n<p><a href=\"http:\/\/osmbklj.edu.ba\/wp-content\/uploads\/2021\/02\/OSMBKLJ-Pravilnik-o-koristenju-vlastitih-prihoda-2017.pdf\">OSMBKLJ &#8211; Pravilnik o kori\u0161tenju vlastitih prihoda-2017<\/a><\/p>\n<p><a href=\"http:\/\/osmbklj.edu.ba\/wp-content\/uploads\/2021\/02\/OSMBKLJ-VLASTITI-PRAVILIK.pdf\">OSMBKLJ &#8211; VLASTITI &#8211; PRAVILIK<\/a><\/p>\n<hr \/>\n<p><a href=\"http:\/\/osmbklj.edu.ba\/wp-content\/uploads\/2021\/02\/OSMBKLJ-PRAVILNIK-SA-IZMJENAMA-O-SISTEMATIZACIJI-RADNIH-MJESTA-vazeci-2019.pdf\">OSMBKLJ &#8211; PRAVILNIK SA IZMJENAMA O SISTEMATIZACIJI RADNIH MJESTA va\u017ee\u0107i 2019<\/a><\/p>\n<p>&nbsp;<\/p>\n<hr \/>\n<p><a href=\"http:\/\/osmbklj.edu.ba\/wp-content\/uploads\/2021\/03\/pravilnik-o-izboru-imenovanju-i-razrjesenju-direktora-osnovnih-skola-KS.pdf\">pravilnik o izboru, imenovanju i razrje\u0161enju direktora osnovnih \u0161kola KS<\/a><\/p>\n<p><a href=\"http:\/\/osmbklj.edu.ba\/wp-content\/uploads\/2021\/03\/Pravilnik-o-izmjenama-i-dopunama-pravilnika-o-izboru-imenovanju-i-razrjesenju-direktora-OS-KS.pdf\">Pravilnik o izmjenama i dopunama pravilnika o izboru, imenovanju i razrje\u0161enju direktora O\u0160 KS<\/a><\/p>\n<p><a href=\"http:\/\/osmbklj.edu.ba\/wp-content\/uploads\/2021\/03\/Pravilnik-o-izmjenama-i-dopunama-Pravilnika-o-vodenju-pedagoske-dokumentacije-1.pdf\">Pravilnik o izmjenama i dopunama Pravilnika o vo\u0111enju pedago\u0161ke dokumentacije 1<\/a><\/p>\n<p><a href=\"http:\/\/osmbklj.edu.ba\/wp-content\/uploads\/2021\/03\/Pravilnik-o-izmjenama-i-dopunama-Pravilnika-o-vodenju-pedagoske-dokumentacije.pdf\">Pravilnik o izmjenama i dopunama Pravilnika o vo\u0111enju pedago\u0161ke dokumentacije<\/a><\/p>\n<p><a href=\"http:\/\/osmbklj.edu.ba\/wp-content\/uploads\/2021\/03\/Pravilnik-o-izmjenama-Pravilnika-o-polganju-eksterne-mature.pdf\">Pravilnik o izmjenama Pravilnika o polganju eksterne mature<\/a><\/p>\n<p><a href=\"http:\/\/osmbklj.edu.ba\/wp-content\/uploads\/2021\/03\/Pravilnik-o-nacinu-i-obliku-provodenja-odgojno-obrazovne-podrske-strucnom-tretmanu.pdf\">Pravilnik o na\u010dinu i obliku provo\u0111enja odgojno-obrazovne podr\u0161ke stru\u010dnom tretmanu<\/a><\/p>\n<p><a href=\"http:\/\/osmbklj.edu.ba\/wp-content\/uploads\/2021\/03\/PRAVILNIK-O-ORGANIZACIJI-IZLETA-EKSKURZIJA-STUDIJSKIH-POSJETA-1.doc\">PRAVILNIK O ORGANIZACIJI IZLETA, EKSKURZIJA, STUDIJSKIH POSJETA 1<\/a><\/p>\n<p><a href=\"http:\/\/osmbklj.edu.ba\/wp-content\/uploads\/2021\/03\/PRAVILNIK-O-ORGANIZACIJI-IZLETA-EKSKURZIJA-STUDIJSKIH-POSJETA.doc\">PRAVILNIK O ORGANIZACIJI IZLETA, EKSKURZIJA, STUDIJSKIH POSJETA<\/a><\/p>\n<p><a href=\"https:\/\/mo.ks.gov.ba\/sites\/mo.ks.gov.ba\/files\/2023-08\/pravilnik_o_polaganju_eksterne_mature.pdf\">Pravilnik o polaganju eksterne mature 25\/18<\/a><\/p>\n<p><a href=\"https:\/\/mo.ks.gov.ba\/sites\/mo.ks.gov.ba\/files\/2023-08\/pravilnik_o_izmjenama_pravilnika_o_polaganju_eksterne_mature.pdf\">Pravilnik o polaganju eksterne mature 17\/19<\/a><\/p>\n<p><a href=\"https:\/\/mo.ks.gov.ba\/sites\/mo.ks.gov.ba\/files\/2023-08\/pravilnik_o_izmjenama_i_dopunama_pravilnika_o_polaganju_eksterne_matura.pdf\">Pravilnik o polaganju eksterne mature 24\/19<\/a><\/p>\n<p><a href=\"http:\/\/osmbklj.edu.ba\/wp-content\/uploads\/2021\/03\/PRAVILNIK-o-pracenju-vrednovanju-i-ocjenjivanju-ucenika.pdf\">PRAVILNIK o pra\u0107enju, vrednovanju i ocjenjivanju u\u010denika<\/a><\/p>\n<p><a href=\"http:\/\/osmbklj.edu.ba\/wp-content\/uploads\/2021\/03\/Pravilnik-o-primjeni-informacionog-sistema-EMIS-u-osnovnim-i-srednjim-skolama-u-KS.doc\">Pravilnik o primjeni informacionog sistema EMIS u osnovnim i srednjim skolama u KS<\/a><\/p>\n<p><a href=\"http:\/\/osmbklj.edu.ba\/wp-content\/uploads\/2021\/03\/Pravilnik-o-vodenju-evidencije-o-neprihvatljivim-oblicima-ponasanja-i-zastiti-ucenika.pdf\">Pravilnik o vo\u0111enju evidencije o neprihvatljivim oblicima pona\u0161anja i za\u0161titi u\u010denika<\/a><\/p>\n<p><a href=\"http:\/\/osmbklj.edu.ba\/wp-content\/uploads\/2021\/03\/PRAVILNIK-o-vodenju-pedagoske-dokumentacije-precisceni-sa-izmjenama.docx\">PRAVILNIK o vo\u0111enju pedago\u0161ke dokumentacije-pre\u010di\u0161\u0107eni sa izmjenama<\/a><\/p>\n<p><a href=\"http:\/\/osmbklj.edu.ba\/wp-content\/uploads\/2021\/03\/pravilnik_o_internoj_evaluaciji.pdf\">pravilnik_o_internoj_evaluaciji<\/a><\/p>\n<p><a href=\"http:\/\/osmbklj.edu.ba\/wp-content\/uploads\/2021\/03\/pravilnik_o_izmjenama_i_dopunama_pravilnika_o_ekskurzijama.pdf\">pravilnik_o_izmjenama_i_dopunama_pravilnika_o_ekskurzijama<\/a><\/p>\n<p><a href=\"http:\/\/osmbklj.edu.ba\/wp-content\/uploads\/2021\/03\/pravilnik_o_nostrifikaciji.ekvivalenciji_inostranih_svjedodzbi_0.pdf\">pravilnik_o_nostrifikaciji.ekvivalenciji_inostranih_svjedodzbi_0<\/a> <a href=\"http:\/\/osmbklj.edu.ba\/wp-content\/uploads\/2021\/03\/pravilnik_sa_kriterijama_o_za_prijem_radnika_u_predskolskim_ustanovama_osnovnim_i_srednjim_skolama_kao_javnim_ustanovama-1.pdf\">pravilnik_sa_kriterijama_o_za_prijem_radnika_u_predskolskim_ustanovama_osnovnim_i_srednjim_skolama_kao_javnim_ustanovama (1)<\/a><\/p>\n<p><a href=\"http:\/\/osmbklj.edu.ba\/wp-content\/uploads\/2021\/03\/Pravilnik_strucnom_-usavrsavanju_odgajatelja19_04.pdf\">Pravilnik_strucnom_ usavrsavanju_odgajatelja19_04<\/a><\/p>\n<p><a href=\"http:\/\/osmbklj.edu.ba\/wp-content\/uploads\/2021\/03\/Pravilnik-o-ocjenjivanju-i-napredovanju-nastavnika.pdf\">Pravilnik-o-ocjenjivanju-i-napredovanju-nastavnika<\/a><\/p>\n<p><a href=\"http:\/\/osmbklj.edu.ba\/wp-content\/uploads\/2021\/03\/Pravilnik-o-prepoznavanju-prevenciji-i-zastiti-od-diskriminacije-u-osnovnim-skolama.pdf\">Pravilnik-o-prepoznavanju-prevenciji-i-zastiti-od-diskriminacije-u-osnovnim-skolama<\/a><\/p>\n<p><a href=\"http:\/\/osmbklj.edu.ba\/wp-content\/uploads\/2021\/03\/Pravilnik-o-dopuni-Pravilnika-o-izboru-imenovanju-i-razrjesenju-direktora-OS-KS.pdf\">Pravilnik o dopuni Pravilnika o izboru , imenovanju i razrje\u0161enju direktora O\u0160 KS<\/a><\/p>\n<p><a href=\"http:\/\/osmbklj.edu.ba\/wp-content\/uploads\/2021\/03\/Pravilnik-o-dopuni-Pravilnika-o-pracenju-vrednovanju-i-ocjenjivanju-ucenika-osnovnih-i-srednjih-skola-KS.pdf\">Pravilnik o dopuni Pravilnika o pra\u0107enju, vrednovanju i ocjenjivanju u\u010denika osnovnih i srednjih \u0161kola KS<\/a><\/p>\n<p><a href=\"http:\/\/osmbklj.edu.ba\/wp-content\/uploads\/2021\/03\/Pravilnik-o-inkluzivnom-obrazovanju-KS.pdf\">Pravilnik o inkluzivnom obrazovanju KS<\/a><\/p>\n<p><a href=\"http:\/\/osmbklj.edu.ba\/wp-content\/uploads\/2021\/03\/Pravilnik-o-internoj-evaluaciji-znanja-ucenika.pdf\">Pravilnik o internoj evaluaciji znanja u\u010denika<\/a><\/p>\n<p><a href=\"http:\/\/osmbklj.edu.ba\/wp-content\/uploads\/2021\/03\/Pravilnik-o-ishrani-ucenika-u-OS-KS.pdf\">Pravilnik o ishrani ucenika u OS KS<\/a><\/p>\n<p><a href=\"http:\/\/osmbklj.edu.ba\/wp-content\/uploads\/2021\/03\/pravilnik-o-izboru-i-imenovanju-i-razrjesenju-direktora-OS-KS.pdf\">pravilnik o izboru i imenovanju i razrje\u0161enju direktora O\u0160 KS<\/a><\/p>\n<p><a href=\"http:\/\/osmbklj.edu.ba\/wp-content\/uploads\/2021\/03\/Pravilnik-o-izboru-imenovanju-i-nacinu-rada-Skolskih-odbora-OS-KS.pdf\">Pravilnik o izboru, imenovanju i na\u010dinu rada \u0160kolskih odbora O\u0160 KS<\/a><\/p>\n<p><a href=\"https:\/\/osmbklj-my.sharepoint.com\/:b:\/g\/personal\/info_osmbklj_edu_ba\/EWSJLtt7xsdJsfgJWUyArmQBj1YWXwGUfOUSHsw8Q0fD_g?e=bvOfEV\">2.19. Pravilnik o kancelarijskom poslovanju u Federaciji Bosne i Hercegovine (96_19)<\/a><\/p>\n<p><a href=\"https:\/\/osmbklj-my.sharepoint.com\/:b:\/g\/personal\/info_osmbklj_edu_ba\/EWSJLtt7xsdJsfgJWUyArmQBj1YWXwGUfOUSHsw8Q0fD_g?e=qUx40N\">2.23. Pravilnik o vrednovanju i odabiranju arhivske gra\u0111e (40_18)<\/a><\/p>\n<p>&nbsp;<\/p>\n<p>Kolektivni ugovor &#8211; <a href=\"http:\/\/osmbklj.edu.ba\/wp-content\/uploads\/2021\/03\/Novi-Kolektivni-ugovor-za-djelatnost-osnovnog-odgoja-i-obrazovanja-KS-2020.pdf\">Novi Kolektivni ugovor za djelatnost osnovnog odgoja i obrazovanja KS (2020)<\/a><\/p>\n<p>&nbsp;<\/p>\n<p>Kodeks za u\u010denike &#8211; <a href=\"https:\/\/osmbklj-my.sharepoint.com\/:b:\/g\/personal\/info_osmbklj_edu_ba\/EauC2xQlkaNEk8k2VY93w3cB9JTnFk5gLvA5gco6tjyZQg?e=5RZ2L5\" target=\"_blank\" rel=\"noopener\">PDF<\/a><\/p>\n","protected":false},"excerpt":{"rendered":"<p>PRAVILNICI &nbsp; Pravila \u0161kolske ishrane 2024 Pravilnik o radi i o unutr\u0161njoj organiozaciji i sistematizaciji radnih mjesta u JU O\u0160 &#8220;Mehmed-beg Kapetanovi\u0107 Ljubu\u0161ak&#8221; Sarajevo 2024 Pravilnik o izmjenama i dopunama Pravilnika o unutra\u0161njoj organizaciji i sistematizaciji radnih mjesta JU O\u0160 &#8220;Mehmed-beg Kapetanovi\u0107 Ljubu\u0161ak&#8221; Sarajevo Pravilnik o izmjenam i dopunama Pravilnika o radu &#8211; novemar 2025<\/p>\n","protected":false},"author":1,"featured_media":0,"parent":0,"menu_order":0,"comment_status":"closed","ping_status":"closed","template":"","meta":{"footnotes":""},"class_list":["post-4266","page","type-page","status-publish","hentry"],"_links":{"self":[{"href":"https:\/\/osmbklj.edu.ba\/index.php?rest_route=\/wp\/v2\/pages\/4266","targetHints":{"allow":["GET"]}}],"collection":[{"href":"https:\/\/osmbklj.edu.ba\/index.php?rest_route=\/wp\/v2\/pages"}],"about":[{"href":"https:\/\/osmbklj.edu.ba\/index.php?rest_route=\/wp\/v2\/types\/page"}],"author":[{"embeddable":true,"href":"https:\/\/osmbklj.edu.ba\/index.php?rest_route=\/wp\/v2\/users\/1"}],"replies":[{"embeddable":true,"href":"https:\/\/osmbklj.edu.ba\/index.php?rest_route=%2Fwp%2Fv2%2Fcomments&post=4266"}],"version-history":[{"count":27,"href":"https:\/\/osmbklj.edu.ba\/index.php?rest_route=\/wp\/v2\/pages\/4266\/revisions"}],"predecessor-version":[{"id":5516,"href":"https:\/\/osmbklj.edu.ba\/index.php?rest_route=\/wp\/v2\/pages\/4266\/revisions\/5516"}],"wp:attachment":[{"href":"https:\/\/osmbklj.edu.ba\/index.php?rest_route=%2Fwp%2Fv2%2Fmedia&parent=4266"}],"curies":[{"name":"wp","href":"https:\/\/api.w.org\/{rel}","templated":true}]}}