{"id":4314,"date":"2021-02-23T12:42:22","date_gmt":"2021-02-23T12:42:22","guid":{"rendered":"http:\/\/osmbklj.edu.ba\/?page_id=4314"},"modified":"2025-12-11T21:38:47","modified_gmt":"2025-12-11T20:38:47","slug":"godisnji-plan-i-program-rada-skole","status":"publish","type":"page","link":"https:\/\/osmbklj.edu.ba\/?page_id=4314","title":{"rendered":"Godi\u0161nji plan i program rada \u0161kole 25-26"},"content":{"rendered":"<h4 style=\"text-align: center;\">GODI\u0160NJI PLAN I PROGRAM RADA \u0160KOLE<\/h4>\n<h4 style=\"text-align: center;\">za \u0161kolsku 2024\/2025. godinu mo\u017eete pogledati na linku ispod<\/h4>\n<h4 style=\"text-align: center;\"><a href=\"https:\/\/osmbklj-my.sharepoint.com\/:b:\/g\/personal\/info_osmbklj_edu_ba\/IQDURra4A8vVQYMX7XMZcgayAQO9HTXBUhyL8664aGBDvMk?e=BSzctO\" target=\"_blank\" rel=\"noopener\">GPR 25-26 (PDF)<\/a><\/h4>\n","protected":false},"excerpt":{"rendered":"<p>GODI\u0160NJI PLAN I PROGRAM RADA \u0160KOLE za \u0161kolsku 2024\/2025. godinu mo\u017eete pogledati na linku ispod GPR 25-26 (PDF)<\/p>\n","protected":false},"author":1,"featured_media":0,"parent":0,"menu_order":0,"comment_status":"closed","ping_status":"closed","template":"","meta":{"footnotes":""},"class_list":["post-4314","page","type-page","status-publish","hentry"],"_links":{"self":[{"href":"https:\/\/osmbklj.edu.ba\/index.php?rest_route=\/wp\/v2\/pages\/4314","targetHints":{"allow":["GET"]}}],"collection":[{"href":"https:\/\/osmbklj.edu.ba\/index.php?rest_route=\/wp\/v2\/pages"}],"about":[{"href":"https:\/\/osmbklj.edu.ba\/index.php?rest_route=\/wp\/v2\/types\/page"}],"author":[{"embeddable":true,"href":"https:\/\/osmbklj.edu.ba\/index.php?rest_route=\/wp\/v2\/users\/1"}],"replies":[{"embeddable":true,"href":"https:\/\/osmbklj.edu.ba\/index.php?rest_route=%2Fwp%2Fv2%2Fcomments&post=4314"}],"version-history":[{"count":9,"href":"https:\/\/osmbklj.edu.ba\/index.php?rest_route=\/wp\/v2\/pages\/4314\/revisions"}],"predecessor-version":[{"id":5514,"href":"https:\/\/osmbklj.edu.ba\/index.php?rest_route=\/wp\/v2\/pages\/4314\/revisions\/5514"}],"wp:attachment":[{"href":"https:\/\/osmbklj.edu.ba\/index.php?rest_route=%2Fwp%2Fv2%2Fmedia&parent=4314"}],"curies":[{"name":"wp","href":"https:\/\/api.w.org\/{rel}","templated":true}]}}