{"id":5066,"date":"2023-11-23T12:23:30","date_gmt":"2023-11-23T11:23:30","guid":{"rendered":"https:\/\/osmbklj.edu.ba\/?page_id=5066"},"modified":"2023-11-23T12:23:30","modified_gmt":"2023-11-23T11:23:30","slug":"skola-roditeljstva","status":"publish","type":"page","link":"https:\/\/osmbklj.edu.ba\/?page_id=5066","title":{"rendered":"\u0160kola roditeljstva"},"content":{"rendered":"<p>&nbsp;<\/p>\n<p><img loading=\"lazy\" decoding=\"async\" class=\"aligncenter wp-image-5070 size-large\" src=\"https:\/\/osmbklj.edu.ba\/wp-content\/uploads\/2023\/11\/Poster-Kako-roditelji-mogu-pomoci-djetetu-da-se-lakse-nose-sa-skolskim-obavezama_-723x1024.jpg\" alt=\"\" width=\"723\" height=\"1024\" srcset=\"https:\/\/osmbklj.edu.ba\/wp-content\/uploads\/2023\/11\/Poster-Kako-roditelji-mogu-pomoci-djetetu-da-se-lakse-nose-sa-skolskim-obavezama_-723x1024.jpg 723w, https:\/\/osmbklj.edu.ba\/wp-content\/uploads\/2023\/11\/Poster-Kako-roditelji-mogu-pomoci-djetetu-da-se-lakse-nose-sa-skolskim-obavezama_-212x300.jpg 212w, https:\/\/osmbklj.edu.ba\/wp-content\/uploads\/2023\/11\/Poster-Kako-roditelji-mogu-pomoci-djetetu-da-se-lakse-nose-sa-skolskim-obavezama_-768x1087.jpg 768w, https:\/\/osmbklj.edu.ba\/wp-content\/uploads\/2023\/11\/Poster-Kako-roditelji-mogu-pomoci-djetetu-da-se-lakse-nose-sa-skolskim-obavezama_-1085x1536.jpg 1085w, https:\/\/osmbklj.edu.ba\/wp-content\/uploads\/2023\/11\/Poster-Kako-roditelji-mogu-pomoci-djetetu-da-se-lakse-nose-sa-skolskim-obavezama_-1447x2048.jpg 1447w, https:\/\/osmbklj.edu.ba\/wp-content\/uploads\/2023\/11\/Poster-Kako-roditelji-mogu-pomoci-djetetu-da-se-lakse-nose-sa-skolskim-obavezama_-scaled.jpg 1808w\" sizes=\"auto, (max-width: 723px) 100vw, 723px\" \/><\/p>\n<p>&nbsp;<\/p>\n<p>&nbsp;<\/p>\n<p><img loading=\"lazy\" decoding=\"async\" class=\"aligncenter wp-image-5069 size-large\" src=\"https:\/\/osmbklj.edu.ba\/wp-content\/uploads\/2023\/11\/Poster-Kako-komunicirati-sa-djetetom-723x1024.jpg\" alt=\"\" width=\"723\" height=\"1024\" srcset=\"https:\/\/osmbklj.edu.ba\/wp-content\/uploads\/2023\/11\/Poster-Kako-komunicirati-sa-djetetom-723x1024.jpg 723w, https:\/\/osmbklj.edu.ba\/wp-content\/uploads\/2023\/11\/Poster-Kako-komunicirati-sa-djetetom-212x300.jpg 212w, https:\/\/osmbklj.edu.ba\/wp-content\/uploads\/2023\/11\/Poster-Kako-komunicirati-sa-djetetom-768x1087.jpg 768w, https:\/\/osmbklj.edu.ba\/wp-content\/uploads\/2023\/11\/Poster-Kako-komunicirati-sa-djetetom-1085x1536.jpg 1085w, https:\/\/osmbklj.edu.ba\/wp-content\/uploads\/2023\/11\/Poster-Kako-komunicirati-sa-djetetom-1447x2048.jpg 1447w, https:\/\/osmbklj.edu.ba\/wp-content\/uploads\/2023\/11\/Poster-Kako-komunicirati-sa-djetetom-scaled.jpg 1808w\" sizes=\"auto, (max-width: 723px) 100vw, 723px\" \/><\/p>\n<p>&nbsp;<\/p>\n<p>&nbsp;<\/p>\n<p><span style=\"font-size: 14pt;\"><strong>Bro\u0161ure<\/strong><\/span><\/p>\n<p><a href=\"https:\/\/osmbklj.edu.ba\/wp-content\/uploads\/2023\/11\/Skola-roditeljstva-osnovci.pdf\">\u0160kola roditeljstva &#8211; osnovci (PDF)<\/a><\/p>\n<p><a href=\"https:\/\/osmbklj.edu.ba\/wp-content\/uploads\/2023\/11\/Brosura-Zastita-djece-od-bolesti.pdf\">Bro\u0161ura &#8211; Za\u0161tita djece od bolesti (PDF)<\/a><\/p>\n<p><a href=\"https:\/\/osmbklj.edu.ba\/wp-content\/uploads\/2023\/11\/Brosura-Zajednicke-aktivnosti-roditelja-i-djece.pdf\">Bro\u0161ura &#8211; Zajednicke aktivnosti roditelja i djece (PDF)<\/a><\/p>\n","protected":false},"excerpt":{"rendered":"<p>&nbsp; &nbsp; &nbsp; &nbsp; &nbsp; Bro\u0161ure \u0160kola roditeljstva &#8211; osnovci (PDF) Bro\u0161ura &#8211; Za\u0161tita djece od bolesti (PDF) Bro\u0161ura &#8211; Zajednicke aktivnosti roditelja i djece (PDF)<\/p>\n","protected":false},"author":1,"featured_media":0,"parent":0,"menu_order":0,"comment_status":"closed","ping_status":"closed","template":"","meta":{"footnotes":""},"class_list":["post-5066","page","type-page","status-publish","hentry"],"_links":{"self":[{"href":"https:\/\/osmbklj.edu.ba\/index.php?rest_route=\/wp\/v2\/pages\/5066","targetHints":{"allow":["GET"]}}],"collection":[{"href":"https:\/\/osmbklj.edu.ba\/index.php?rest_route=\/wp\/v2\/pages"}],"about":[{"href":"https:\/\/osmbklj.edu.ba\/index.php?rest_route=\/wp\/v2\/types\/page"}],"author":[{"embeddable":true,"href":"https:\/\/osmbklj.edu.ba\/index.php?rest_route=\/wp\/v2\/users\/1"}],"replies":[{"embeddable":true,"href":"https:\/\/osmbklj.edu.ba\/index.php?rest_route=%2Fwp%2Fv2%2Fcomments&post=5066"}],"version-history":[{"count":1,"href":"https:\/\/osmbklj.edu.ba\/index.php?rest_route=\/wp\/v2\/pages\/5066\/revisions"}],"predecessor-version":[{"id":5072,"href":"https:\/\/osmbklj.edu.ba\/index.php?rest_route=\/wp\/v2\/pages\/5066\/revisions\/5072"}],"wp:attachment":[{"href":"https:\/\/osmbklj.edu.ba\/index.php?rest_route=%2Fwp%2Fv2%2Fmedia&parent=5066"}],"curies":[{"name":"wp","href":"https:\/\/api.w.org\/{rel}","templated":true}]}}