{"id":5113,"date":"2024-02-06T11:56:08","date_gmt":"2024-02-06T10:56:08","guid":{"rendered":"https:\/\/osmbklj.edu.ba\/?page_id=5113"},"modified":"2025-08-06T18:52:01","modified_gmt":"2025-08-06T16:52:01","slug":"misija-i-vizija-skole","status":"publish","type":"page","link":"https:\/\/osmbklj.edu.ba\/?page_id=5113","title":{"rendered":"Misija i vizija \u0161kole"},"content":{"rendered":"<div class=\"mv-section\">\n<div class=\"mv-inner\">\n<div class=\"mv-box\">\n<div class=\"mv-icon\">&#x1f31f;<\/div>\n<div class=\"mv-title\">Misija<\/div>\n<div class=\"mv-text\">\n        Na\u0161a misija je da stvaramo <strong>sadr\u017eajno i kreativno u\u010denje<\/strong> u sigurnom, respektiraju\u0107em i inkluzivnom okru\u017eenju. Posve\u0107eni smo razvoju cjelovite li\u010dnosti svakog u\u010denika kroz podr\u017eavaju\u0107u nastavnu atmosferu i saradnju s porodicom i zajednicom.\n      <\/div>\n<\/p><\/div>\n<div class=\"mv-box\">\n<div class=\"mv-icon\">&#x1f3af;<\/div>\n<div class=\"mv-title\">Vizija<\/div>\n<div class=\"mv-text\">\n        Te\u017eimo postati <strong>\u0161kola budu\u0107nosti<\/strong> \u2013 moderna ustanova koja kroz digitalne tehnologije i timski rad razvija u\u010denike spremne za izazove 21. stolje\u0107a. U\u010dimo, rastemo i gradimo zajednicu zajedno.\n      <\/div>\n<\/p><\/div>\n<\/p><\/div>\n<\/div>\n","protected":false},"excerpt":{"rendered":"<p>&#x1f31f; Misija Na\u0161a misija je da stvaramo sadr\u017eajno i kreativno u\u010denje u sigurnom, respektiraju\u0107em i inkluzivnom okru\u017eenju. Posve\u0107eni smo razvoju cjelovite li\u010dnosti svakog u\u010denika kroz podr\u017eavaju\u0107u nastavnu atmosferu i saradnju s porodicom i zajednicom. &#x1f3af; Vizija Te\u017eimo postati \u0161kola budu\u0107nosti \u2013 moderna ustanova koja kroz digitalne tehnologije i timski rad razvija u\u010denike spremne za izazove<\/p>\n","protected":false},"author":1,"featured_media":0,"parent":0,"menu_order":0,"comment_status":"closed","ping_status":"closed","template":"","meta":{"footnotes":""},"class_list":["post-5113","page","type-page","status-publish","hentry"],"_links":{"self":[{"href":"https:\/\/osmbklj.edu.ba\/index.php?rest_route=\/wp\/v2\/pages\/5113","targetHints":{"allow":["GET"]}}],"collection":[{"href":"https:\/\/osmbklj.edu.ba\/index.php?rest_route=\/wp\/v2\/pages"}],"about":[{"href":"https:\/\/osmbklj.edu.ba\/index.php?rest_route=\/wp\/v2\/types\/page"}],"author":[{"embeddable":true,"href":"https:\/\/osmbklj.edu.ba\/index.php?rest_route=\/wp\/v2\/users\/1"}],"replies":[{"embeddable":true,"href":"https:\/\/osmbklj.edu.ba\/index.php?rest_route=%2Fwp%2Fv2%2Fcomments&post=5113"}],"version-history":[{"count":9,"href":"https:\/\/osmbklj.edu.ba\/index.php?rest_route=\/wp\/v2\/pages\/5113\/revisions"}],"predecessor-version":[{"id":5455,"href":"https:\/\/osmbklj.edu.ba\/index.php?rest_route=\/wp\/v2\/pages\/5113\/revisions\/5455"}],"wp:attachment":[{"href":"https:\/\/osmbklj.edu.ba\/index.php?rest_route=%2Fwp%2Fv2%2Fmedia&parent=5113"}],"curies":[{"name":"wp","href":"https:\/\/api.w.org\/{rel}","templated":true}]}}