{"id":5205,"date":"2024-07-01T13:38:27","date_gmt":"2024-07-01T11:38:27","guid":{"rendered":"https:\/\/osmbklj.edu.ba\/?page_id=5205"},"modified":"2025-09-19T11:22:23","modified_gmt":"2025-09-19T09:22:23","slug":"biblioteka","status":"publish","type":"page","link":"https:\/\/osmbklj.edu.ba\/?page_id=5205","title":{"rendered":"Biblioteka"},"content":{"rendered":"<div class=\"elementor-element elementor-element-745cee36 elementor-widget elementor-widget-heading\" data-id=\"745cee36\" data-element_type=\"widget\" data-widget_type=\"heading.default\">\n<div class=\"elementor-widget-container\">\n<p style=\"text-align: center;\"><strong>BIBLIOTEKA O\u0160 \u201eMehmed-beg Kapetanovi\u0107 Ljubu\u0161ak\u201c Sarajevo<\/strong><\/p>\n<p>Prema IFLA-i (<em>International Federation of Library Associations and Instructions<\/em>) \u0161kolska biblioteka je specijalizovana biblioteka koja podr\u017eava obrazovni proces, pru\u017eaju\u0107i u\u010denicima, nastavnicima i svim korisnicima pristup informacijama, resursima i literaturi potrebnoj za u\u010denje, istra\u017eivanje i razvoj vje\u0161tina. \u0160kolska biblioteka igra klju\u010dnu ulogu u podsticanju \u010ditala\u010dkih vje\u0161tina, intelektualne radoznalosti i sposobnosti za efikasno kori\u0161tenje informacija.<\/p>\n<p>&nbsp;<\/p>\n<p><strong>HISTORIJAT<\/strong><\/p>\n<h4>\u201eBiblioteke se ne prave, one rastu.\u201c (A. Birel)<\/h4>\n<p>Davne 1965. godine, uporedo sa osnivanjem O\u0160 \u201eMehmed-beg Kapetanovi\u0107 Ljubu\u0161ak\u201c, osnovana je i \u0161kolska biblioteka. Na\u017ealost, veliki dio bibliote\u010dkog fonda je uni\u0161ten tokom rata. Od 1997. godine ponovo se po\u010dinje sa obnovom i evidencijom bibliote\u010dkog fonda, a koji je na \u0161esdesetu godi\u0161njicu \u0160kole iznosio 7 915. bibliote\u010dkih jedinica.<\/p>\n<p>U toku \u0161kolske 2024\/2025. godine izvr\u0161ena je najzna\u010dajnija obnova i opremanje bibliote\u010dkog prostora, opreme i bibliote\u010dkog fonda. Danas mo\u017eemo re\u0107i da je ovo jedna moderna \u0161kolska biblioteka koja ima dobre uslove da radi u punom svom kapacitetu.<\/p>\n<p><strong>\u00a0<\/strong><\/p>\n<p>&nbsp;<\/p>\n<p><strong>\u010cLANOVI<\/strong><\/p>\n<p>\u010clanovi \u0161kolske biblioteke su svi u\u010denici i zaposlenici O\u0160 \u201eMehmed-beg Kapetanovi\u0107 Ljubu\u0161ak\u201c Sarajevo .<\/p>\n<p><strong>FOND \u0160KOLSKE BIBLIOTEKE \u010cINE:<\/strong><\/p>\n<ul>\n<li>u\u010deni\u010dki fond (lektirni i nelektirni fond)<\/li>\n<li>nastavni\u010dki fond<\/li>\n<li>\u010dasopisi<\/li>\n<\/ul>\n<p>Biblioteka posjeduje ukupno 7 915 bibliote\u010dkih jedinica.<\/p>\n<p>&nbsp;<\/p>\n<p><strong>USLUGE I AKTIVNOSTI \u0160KOLSKE BIBLIOTEKE<\/strong><\/p>\n<p>&nbsp;<\/p>\n<p><strong>U biblioteci se mo\u017ee:<\/strong><\/p>\n<ul>\n<li>posu\u0111ivati knjige i slikovnice<\/li>\n<li>\u010ditati \u010dasopise i knjige<\/li>\n<li>koristiti \u00a0referentna gra\u0111a (enciklopedije, rje\u010dnici, leksikoni)<\/li>\n<li>pisati zada\u0107e, referate, izra\u0111ivati plakate, prezentacije<\/li>\n<li>gledati TV, DVD i video<\/li>\n<\/ul>\n<p><strong>\u00a0<\/strong><\/p>\n<p><strong>U biblioteci se:<\/strong><\/p>\n<ul>\n<li>organiziraju aktivnosti s ciljem poticanja \u010ditanja<\/li>\n<li>odr\u017eavaju knji\u017eevni susreti<\/li>\n<li>organiziraju predavanja<\/li>\n<li>postavljaju u\u010deni\u010dke izlo\u017ebe<\/li>\n<\/ul>\n<h2><\/h2>\n<h2 class=\"elementor-heading-title elementor-size-default\">Rad biblioteke<\/h2>\n<\/div>\n<\/div>\n<div class=\"elementor-element elementor-element-a60d041 elementor-widget elementor-widget-text-editor\" data-id=\"a60d041\" data-element_type=\"widget\" data-widget_type=\"text-editor.default\">\n<div class=\"elementor-widget-container\">\n<div><strong>Radno vrijeme \u0161kolske biblioteke je svaki radni dan:<\/strong><\/div>\n<div>Ponedjeljak \u2013 petak (08:00 \u2013 16:00 sati)<\/div>\n<p><strong>E-mail:<\/strong> biblioteka@osmbklj.edu.ba<br \/>\n<b>Voditelj \u0161kolske biblioteke: <\/b>Renata Dlouhi-Kastelic<\/p>\n<\/div>\n<\/div>\n","protected":false},"excerpt":{"rendered":"<p>BIBLIOTEKA O\u0160 \u201eMehmed-beg Kapetanovi\u0107 Ljubu\u0161ak\u201c Sarajevo Prema IFLA-i (International Federation of Library Associations and Instructions) \u0161kolska biblioteka je specijalizovana biblioteka koja podr\u017eava obrazovni proces, pru\u017eaju\u0107i u\u010denicima, nastavnicima i svim korisnicima pristup informacijama, resursima i literaturi potrebnoj za u\u010denje, istra\u017eivanje i razvoj vje\u0161tina. \u0160kolska biblioteka igra klju\u010dnu ulogu u podsticanju \u010ditala\u010dkih vje\u0161tina, intelektualne radoznalosti i sposobnosti<\/p>\n","protected":false},"author":1,"featured_media":0,"parent":0,"menu_order":0,"comment_status":"closed","ping_status":"closed","template":"","meta":{"footnotes":""},"class_list":["post-5205","page","type-page","status-publish","hentry"],"_links":{"self":[{"href":"https:\/\/osmbklj.edu.ba\/index.php?rest_route=\/wp\/v2\/pages\/5205","targetHints":{"allow":["GET"]}}],"collection":[{"href":"https:\/\/osmbklj.edu.ba\/index.php?rest_route=\/wp\/v2\/pages"}],"about":[{"href":"https:\/\/osmbklj.edu.ba\/index.php?rest_route=\/wp\/v2\/types\/page"}],"author":[{"embeddable":true,"href":"https:\/\/osmbklj.edu.ba\/index.php?rest_route=\/wp\/v2\/users\/1"}],"replies":[{"embeddable":true,"href":"https:\/\/osmbklj.edu.ba\/index.php?rest_route=%2Fwp%2Fv2%2Fcomments&post=5205"}],"version-history":[{"count":8,"href":"https:\/\/osmbklj.edu.ba\/index.php?rest_route=\/wp\/v2\/pages\/5205\/revisions"}],"predecessor-version":[{"id":5479,"href":"https:\/\/osmbklj.edu.ba\/index.php?rest_route=\/wp\/v2\/pages\/5205\/revisions\/5479"}],"wp:attachment":[{"href":"https:\/\/osmbklj.edu.ba\/index.php?rest_route=%2Fwp%2Fv2%2Fmedia&parent=5205"}],"curies":[{"name":"wp","href":"https:\/\/api.w.org\/{rel}","templated":true}]}}