{"id":623,"date":"2015-05-06T08:33:04","date_gmt":"2015-05-06T08:33:04","guid":{"rendered":"http:\/\/osmbklj.edu.ba\/?page_id=623"},"modified":"2023-07-25T11:42:50","modified_gmt":"2023-07-25T09:42:50","slug":"himna-skole","status":"publish","type":"page","link":"https:\/\/osmbklj.edu.ba\/?page_id=623","title":{"rendered":"HIMNA \u0160KOLE"},"content":{"rendered":"<p style=\"text-align: justify;\">HIMNA \u0160KOLE JE NAPISANA I OBJAVLJENA KAO DIO AKTIVNOSTI NA OBILJE\u017dAVANJU 50. GODI\u0160NJICE POSTOJANJA OVE ODGOJNO &#8211; OBRAZOVNE USTANOVE. TIM KOJI SMO OFORMILI NA PO\u010cETKU \u0160KOLSKE GODINE BIO JE ZADU\u017dEN ZA NIZ DE\u0160AVANJA KOJA SMO REALIZOVALI TOKOM \u0160KOLSKE 2014\/2015. GOD. BROJNI USPJESI, REZULTATI NA TAKMI\u010cENJIMA, SMOTRE I IZLETI KOJI \u0106E USLIJEDITI SAMO SU DIO BOGATOG PERFORMANSA NA KOM JE RADILA OVA ODABRANA EKIPA SA VELIKOM PODR\u0160KOM SVIH \u010cLANOVA NA\u0160EG KOLEKTIVA.<\/p>\n<p><iframe loading=\"lazy\" title=\"himna skole Mehmed-beg Kapetanovi\u0107 Ljubu\u0161ak, Sarajevo\" width=\"500\" height=\"281\" src=\"https:\/\/www.youtube.com\/embed\/YmxeXhAGMe0?feature=oembed\" frameborder=\"0\" allow=\"accelerometer; autoplay; clipboard-write; encrypted-media; gyroscope; picture-in-picture; web-share\" referrerpolicy=\"strict-origin-when-cross-origin\" allowfullscreen><\/iframe><\/p>\n<p>TEKST: \u0110i\u0111ana Sari\u0107, prof. BHS jezika i knji\u017eevnosti<\/p>\n<p>MUZIKA: D\u017eesika Vlaj\u010di\u0107, prof. muzi\u010dke kulture<\/p>\n<p>ARAN\u017dMAN: Dino Mangafi\u0107<\/p>\n<p><span style=\"text-decoration: underline;\">1. STROFA:<\/span><br \/>\n<span style=\"color: #3366ff;\">&#8220;KO PRVI VJESNICI PROLJE\u0106A PRVA\u010cI\u0106I PODI\u017dU GLAVE <\/span><br \/>\n<span style=\"color: #3366ff;\">U DRU\u0160TVU VELIKIH \u0110AKA UPLI\u0106U RUKE MALE&#8221;<\/span><br \/>\n<span style=\"text-decoration: underline;\">REFREN:<\/span><br \/>\n<span style=\"color: #99cc00;\">&#8220;VJERUJTE U NAS ZNANJEM \u0106EMO BITKE BORITI VJERUJTE U NAS ONE \u0106E I VAS U SRE\u0106U VODITI&#8221;<\/span><br \/>\n<span style=\"text-decoration: underline;\">2. STROFA:<\/span><br \/>\n<span style=\"color: #3366ff;\">&#8220;SA SUN\u010cANOG BRDA ZNANJE CVJETA KO NAJLJEP\u0160E CVIJE\u0106E <\/span><br \/>\n<span style=\"color: #3366ff;\">SA SUN\u010cANOG BRDA SARAJEVU DA\u0106EMO MNOGO SRE\u0106E&#8221;<\/span><br \/>\n<span style=\"text-decoration: underline;\">REFREN:<\/span><br \/>\n<span style=\"color: #99cc00;\">&#8220;VJERUJTE U NAS ZNANJEM \u0106EMO BITKE DOBITI VJERUJTE U NAS I VAS \u0106EMO U BOLJI SVIJET VODITI&#8221;<\/span><\/p>\n<p><a href=\"http:\/\/osmbklj.edu.ba\/wp-content\/uploads\/2015\/05\/himna.png\"><img loading=\"lazy\" decoding=\"async\" class=\"alignnone wp-image-629\" src=\"http:\/\/osmbklj.edu.ba\/wp-content\/uploads\/2015\/05\/himna-150x150.png\" alt=\"himna\" width=\"222\" height=\"222\" \/><\/a><\/p>\n<p style=\"text-align: justify;\">ZAHVALJUJEMO NASTAVNIKU DAMIRU MU\u0160ANOVI\u0106U KOJI JE NOTNI ZAPIS GRAFI\u010cKI UREDIO I ELEKTRONSKI PRIPREMIO ZA DALJU UPOTREBU!<\/p>\n","protected":false},"excerpt":{"rendered":"<p>HIMNA \u0160KOLE JE NAPISANA I OBJAVLJENA KAO DIO AKTIVNOSTI NA OBILJE\u017dAVANJU 50. GODI\u0160NJICE POSTOJANJA OVE ODGOJNO &#8211; OBRAZOVNE USTANOVE. TIM KOJI SMO OFORMILI NA PO\u010cETKU \u0160KOLSKE GODINE BIO JE ZADU\u017dEN ZA NIZ DE\u0160AVANJA KOJA SMO REALIZOVALI TOKOM \u0160KOLSKE 2014\/2015. GOD. BROJNI USPJESI, REZULTATI NA TAKMI\u010cENJIMA, SMOTRE I IZLETI KOJI \u0106E USLIJEDITI SAMO SU DIO BOGATOG<\/p>\n","protected":false},"author":1,"featured_media":0,"parent":1289,"menu_order":0,"comment_status":"closed","ping_status":"closed","template":"","meta":{"footnotes":""},"class_list":["post-623","page","type-page","status-publish","hentry"],"_links":{"self":[{"href":"https:\/\/osmbklj.edu.ba\/index.php?rest_route=\/wp\/v2\/pages\/623","targetHints":{"allow":["GET"]}}],"collection":[{"href":"https:\/\/osmbklj.edu.ba\/index.php?rest_route=\/wp\/v2\/pages"}],"about":[{"href":"https:\/\/osmbklj.edu.ba\/index.php?rest_route=\/wp\/v2\/types\/page"}],"author":[{"embeddable":true,"href":"https:\/\/osmbklj.edu.ba\/index.php?rest_route=\/wp\/v2\/users\/1"}],"replies":[{"embeddable":true,"href":"https:\/\/osmbklj.edu.ba\/index.php?rest_route=%2Fwp%2Fv2%2Fcomments&post=623"}],"version-history":[{"count":1,"href":"https:\/\/osmbklj.edu.ba\/index.php?rest_route=\/wp\/v2\/pages\/623\/revisions"}],"predecessor-version":[{"id":4786,"href":"https:\/\/osmbklj.edu.ba\/index.php?rest_route=\/wp\/v2\/pages\/623\/revisions\/4786"}],"up":[{"embeddable":true,"href":"https:\/\/osmbklj.edu.ba\/index.php?rest_route=\/wp\/v2\/pages\/1289"}],"wp:attachment":[{"href":"https:\/\/osmbklj.edu.ba\/index.php?rest_route=%2Fwp%2Fv2%2Fmedia&parent=623"}],"curies":[{"name":"wp","href":"https:\/\/api.w.org\/{rel}","templated":true}]}}